{"id":135,"date":"2026-03-17T10:58:07","date_gmt":"2026-03-17T09:58:07","guid":{"rendered":"https:\/\/sandbox.enkle.re\/sandbox-3\/?page_id=135"},"modified":"2026-05-05T17:28:23","modified_gmt":"2026-05-05T15:28:23","slug":"om-oss","status":"publish","type":"page","link":"https:\/\/arsafety.no\/en\/om-oss\/","title":{"rendered":"About us"},"content":{"rendered":"<section class=\"bde-section-135-100 bde-section\">\n  \n  \n\t\n\n\n\n<div class=\"section-container\"><div class=\"bde-columns-135-103 bde-columns\"><div class=\"bde-column-135-105 bde-column\">\n  \n  \n\t\n\n\n\n<div class=\"bde-div-135-106 bde-div\">\n  \n  \n\t\n\n\n\n<img decoding=\"async\" class=\"bde-image2-135-107 bde-image2\" src=\"https:\/\/arsafety.no\/wp-content\/uploads\/2026\/03\/arild-scaled.jpg\" loading=\"lazy\" srcset=\"https:\/\/arsafety.no\/wp-content\/uploads\/2026\/03\/arild-scaled.jpg 2048w, https:\/\/arsafety.no\/wp-content\/uploads\/2026\/03\/arild-240x300.jpg 240w, https:\/\/arsafety.no\/wp-content\/uploads\/2026\/03\/arild-819x1024.jpg 819w, https:\/\/arsafety.no\/wp-content\/uploads\/2026\/03\/arild-768x960.jpg 768w, https:\/\/arsafety.no\/wp-content\/uploads\/2026\/03\/arild-1229x1536.jpg 1229w, https:\/\/arsafety.no\/wp-content\/uploads\/2026\/03\/arild-1639x2048.jpg 1639w, https:\/\/arsafety.no\/wp-content\/uploads\/2026\/03\/arild-600x750.jpg 600w\" sizes=\"(max-width: 2048px) 100vw, 2048px\"><div class=\"bde-text-135-109 bde-text\">\nArild Fjerstad\n<\/div><div class=\"bde-text-135-108 bde-text link\">\n<a href=\"tel:+47 918 71 039\">+47 918 71 039<\/a><br><a href=\"mailto:arild@arsafety.no\">arild@arsafety.no<\/a>\n<\/div><img decoding=\"async\" class=\"bde-image2-135-111 bde-image2\" src=\"https:\/\/arsafety.no\/wp-content\/uploads\/2026\/03\/roger-scaled.jpg\" loading=\"lazy\" srcset=\"https:\/\/arsafety.no\/wp-content\/uploads\/2026\/03\/roger-scaled.jpg 2048w, https:\/\/arsafety.no\/wp-content\/uploads\/2026\/03\/roger-240x300.jpg 240w, https:\/\/arsafety.no\/wp-content\/uploads\/2026\/03\/roger-819x1024.jpg 819w, https:\/\/arsafety.no\/wp-content\/uploads\/2026\/03\/roger-768x960.jpg 768w, https:\/\/arsafety.no\/wp-content\/uploads\/2026\/03\/roger-1229x1536.jpg 1229w, https:\/\/arsafety.no\/wp-content\/uploads\/2026\/03\/roger-1638x2048.jpg 1638w, https:\/\/arsafety.no\/wp-content\/uploads\/2026\/03\/roger-600x750.jpg 600w\" sizes=\"(max-width: 2048px) 100vw, 2048px\"><div class=\"bde-text-135-117 bde-text\">\nRoger Brunsvik\n<\/div><div class=\"bde-text-135-118 bde-text link\">\n<a href=\"tel:+47 936 27 037\">+47 936 27 037<\/a><br><a href=\"mailto:roger@arsafety.no\">roger@arsafety.no<\/a>\n<\/div>\n<\/div>\n<\/div><div class=\"bde-column-135-104 bde-column\">\n  \n  \n\t\n\n\n\n<h1 class=\"bde-heading-135-101 bde-heading\">\n About Ar Safety \n<\/h1><div class=\"bde-text-135-102 bde-text\">\nWe have ourselves been in those very situations. Transferring personnel in rough seas requires equipment you can rely on. That's why we develop solutions based on our own experiences to make work at sea safer.\n<\/div><div class=\"bde-rich-text-135-120 bde-rich-text breakdance-rich-text-styles\">\n<p>As launch boat operators, we have daily witnessed the high risk associated with transferring personnel between vessels in open and often rough seas. This is where it truly counts. Dark winter mornings, high seas, and limited visibility: small margins for error can have major consequences. We ourselves have experienced how crucial good and reliable safety equipment at sea is.<\/p>\n<p>The equipment we had available for personnel rescue and man overboard situations did not function well enough. It had not been developed based on the actual conditions we worked under. We therefore began looking for a better solution. The prototype was tested where it was intended to be used: out at sea, under demanding conditions. Through close dialogue with others in the industry, including on pilot boats and workboats, we further developed the solution step by step.<\/p>\n<p>This approach still characterises our work. We develop products based on real needs, with a focus on functionality, robustness, and user-friendliness. The aim is to contribute to safer transfer of personnel between vessels.<\/p>\n<p>The ARHoop is now in use on several vessel types, and user feedback is very good. Experience from actual use is what drives us forward.<\/p>\n<p>ARSafety aims to be a supplier that understands the daily lives of those working at sea. We place great emphasis on quality and on delivering solutions that work when it truly matters. Through continuous development and close dialogue with users, we strive to contribute to increased safety in maritime operations.<\/p>\n<\/div>\n<\/div><\/div><\/div>\n<\/section>","protected":false},"excerpt":{"rendered":"<p>Arild Fjerstad +47 918 71 039arild@arsafety.no Roger Brunsvik +47 936 27 037roger@arsafety.no Om Ar Safety Vi har selv st\u00e5tt i situasjonene der det gjelder. Overf\u00f8ring av personell i grov sj\u00f8 krever utstyr du kan stole p\u00e5. Derfor utvikler vi l\u00f8sninger basert p\u00e5 egne erfaringer for \u00e5 gj\u00f8re arbeidet til sj\u00f8s tryggere. Som losb\u00e5tf\u00f8rere har vi [&hellip;]<\/p>\n","protected":false},"author":2,"featured_media":0,"parent":0,"menu_order":0,"comment_status":"closed","ping_status":"closed","template":"","meta":{"_acf_changed":false,"_breakdance_hide_in_design_set":false,"_breakdance_tags":"","footnotes":""},"class_list":["post-135","page","type-page","status-publish","hentry"],"acf":[],"_links":{"self":[{"href":"https:\/\/arsafety.no\/en\/wp-json\/wp\/v2\/pages\/135","targetHints":{"allow":["GET"]}}],"collection":[{"href":"https:\/\/arsafety.no\/en\/wp-json\/wp\/v2\/pages"}],"about":[{"href":"https:\/\/arsafety.no\/en\/wp-json\/wp\/v2\/types\/page"}],"author":[{"embeddable":true,"href":"https:\/\/arsafety.no\/en\/wp-json\/wp\/v2\/users\/2"}],"replies":[{"embeddable":true,"href":"https:\/\/arsafety.no\/en\/wp-json\/wp\/v2\/comments?post=135"}],"version-history":[{"count":44,"href":"https:\/\/arsafety.no\/en\/wp-json\/wp\/v2\/pages\/135\/revisions"}],"predecessor-version":[{"id":653,"href":"https:\/\/arsafety.no\/en\/wp-json\/wp\/v2\/pages\/135\/revisions\/653"}],"wp:attachment":[{"href":"https:\/\/arsafety.no\/en\/wp-json\/wp\/v2\/media?parent=135"}],"curies":[{"name":"wp","href":"https:\/\/api.w.org\/{rel}","templated":true}]}}