{"id":160,"date":"2026-03-17T12:29:26","date_gmt":"2026-03-17T11:29:26","guid":{"rendered":"https:\/\/sandbox.enkle.re\/sandbox-3\/?page_id=160"},"modified":"2026-05-06T21:59:44","modified_gmt":"2026-05-06T19:59:44","slug":"contact-us","status":"publish","type":"page","link":"https:\/\/arsafety.no\/en\/kontakt-oss\/","title":{"rendered":"Contact us"},"content":{"rendered":"<section class=\"bde-section-160-100 bde-section\">\n  \n  \n\t\n\n\n\n<div class=\"section-container\"><div class=\"bde-columns-160-101 bde-columns\"><div class=\"bde-column-160-102 bde-column\">\n  \n  \n\t\n\n\n\n<h1 class=\"bde-heading-160-103 bde-heading\">\nKontakt oss\n<\/h1><div class=\"bde-text-160-104 bde-text\">\nHar du sp\u00f8rsm\u00e5l om produktvalg eller hvilken l\u00f8sning som passer best for ditt fart\u00f8y? Ta gjerne kontakt med oss. Vi  hjelper deg med \u00e5 finne riktig l\u00f8sning basert p\u00e5 dine behov.\n<\/div>\n<\/div><div class=\"bde-column-160-105 bde-column\">\n  \n  \n\t\n\n\n\n<div class=\"bde-text-160-106 bde-text\">\n<b>Kontaktpersoner<\/b><br><br>Arild Fjerstad<br><a href=\"tel:+47 918 71 039\">+47 918 71 039<\/a><br> <a href=\"mailto: arild@arsafety.no\">arild@arsafety.no<\/a><br><br>Roger Brunsvik<br><a href=\"tel:+47 936 27 037\">+47 936 27 037<\/a><br><a href=\"mailto: roger@arsafety.no\">roger@arsafety.no<\/a>\n<\/div>\n<\/div><\/div><\/div>\n<\/section><section class=\"bde-section-160-108 bde-section\">\n  \n  \n\t\n\n\n\n<div class=\"section-container\"><div class=\"bde-fancy-divider-160-112 bde-fancy-divider\">\n\n\n<div class=\"bde-fancy-divider__wrapper\">\n  <div class=\"bde-fancy-divider__separator   \">\n  \t  <\/div>\n<\/div>\n\n<\/div><div class=\"bde-div-160-109 bde-div\">\n  \n  \n\t\n\n\n\n<h1 class=\"bde-heading-160-110 bde-heading\">\nKontaktskjema\n<\/h1><div class=\"bde-form-builder-160-111 bde-form-builder\">\n\n<form id=\"contact-form111\" class=\"breakdance-form breakdance-form--vertical\" data-options=\"{&quot;slug&quot;:&quot;custom&quot;,&quot;name&quot;:&quot;Contact Form&quot;,&quot;ajaxUrl&quot;:&quot;https:\\\/\\\/arsafety.no\\\/wp-admin\\\/admin-ajax.php&quot;,&quot;clearOnSuccess&quot;:true,&quot;hideOnSuccess&quot;:false,&quot;successMessage&quot;:&quot;Din melding er sendt&quot;,&quot;errorMessage&quot;:&quot;Fyll og huk av felt med *&quot;,&quot;redirect&quot;:false,&quot;redirectUrl&quot;:&quot;&quot;,&quot;customJavaScript&quot;:&quot;&quot;,&quot;recaptcha&quot;:{&quot;key&quot;:&quot;6LexVtosAAAAAGZ_s67paRDevRnQYQ-wJZg6_jRT&quot;,&quot;enabled&quot;:true},&quot;honeypot_enabled&quot;:true,&quot;popupsOnSuccess&quot;:[],&quot;popupsOnError&quot;:[]}\" data-steps=\"0\" >\n  \n  \n  \n<div class=\"breakdance-form-field breakdance-form-field--text\" >\n    \n    \n            <label class=\"breakdance-form-field__label\" for=\"name\">\n            Navn<span class=\"breakdance-form-field__required\">*<\/span>\n        <\/label>\n    \n    <input\n    class=\"breakdance-form-field__input\"\n    id=\"name\"\n    aria-describedby=\"name\"\n    type=\"text\"\n    name=\"fields[name]\"\n    placeholder=\"\"\n    value=\"\"\n                \n        \n        \n    required\n    \n    \n    \n    \n    \n>\n\n\n    \n    \n<\/div>\n\n\n<div class=\"breakdance-form-field breakdance-form-field--tel\" >\n    \n    \n            <label class=\"breakdance-form-field__label\" for=\"opwtzs\">\n            Telefonnummer\n        <\/label>\n    \n    <input\n    class=\"breakdance-form-field__input\"\n    id=\"opwtzs\"\n    aria-describedby=\"opwtzs\"\n    type=\"tel\"\n    name=\"fields[opwtzs]\"\n    placeholder=\"\"\n    value=\"\"\n                \n        \n        \n    \n    \n    \n    \n    \n    \n>\n\n\n    \n    \n<\/div>\n\n\n<div class=\"breakdance-form-field breakdance-form-field--text\" >\n    \n    \n            <label class=\"breakdance-form-field__label\" for=\"xcywqj\">\n            Firmanavn\n        <\/label>\n    \n    <input\n    class=\"breakdance-form-field__input\"\n    id=\"xcywqj\"\n    aria-describedby=\"xcywqj\"\n    type=\"text\"\n    name=\"fields[xcywqj]\"\n    placeholder=\"\"\n    value=\"\"\n                \n        \n        \n    \n    \n    \n    \n    \n    \n>\n\n\n    \n    \n<\/div>\n\n\n<div class=\"breakdance-form-field breakdance-form-field--email\" >\n    \n    \n            <label class=\"breakdance-form-field__label\" for=\"lqnwaa\">\n            E-post<span class=\"breakdance-form-field__required\">*<\/span>\n        <\/label>\n    \n    <input\n    class=\"breakdance-form-field__input\"\n    id=\"lqnwaa\"\n    aria-describedby=\"lqnwaa\"\n    type=\"email\"\n    name=\"fields[lqnwaa]\"\n    placeholder=\"\"\n    value=\"\"\n                \n        \n        \n    required\n    \n    \n    \n    \n    \n>\n\n\n    \n    \n<\/div>\n\n\n<div class=\"breakdance-form-field breakdance-form-field--textarea\" >\n    \n    \n            <label class=\"breakdance-form-field__label\" for=\"message\">\n            Melding\n        <\/label>\n    \n    <textarea\n    class=\"breakdance-form-field__input\"\n    id=\"message\"\n    aria-describedby=\"message\"\n    type=\"textarea\"\n    name=\"fields[message]\"\n        placeholder=\"\"\n    \n    \n    \n    >\n<\/textarea>\n\n\n    \n    \n<\/div>\n\n\n<div class=\"breakdance-form-field breakdance-form-field--hpinput\" >\n    \n    \n            <label class=\"breakdance-form-field__label\" for=\"hpname\">\n            HP Name\n        <\/label>\n    \n    <input\n    class=\"breakdance-form-field__input\"\n    id=\"hpname\"\n    aria-describedby=\"hpname\"\n    type=\"hpinput\"\n    name=\"fields[hpname]\"\n    placeholder=\"\"\n    value=\"\"\n                \n        \n        \n    \n    autocomplete=\"off\"\n    tabindex=\"-1\"\n    \n    \n    \n>\n\n\n    \n    \n<\/div><div class=\"breakdance-form-field breakdance-form-footer\">    \n    \n    \n    \n    \n            \n            <button type=\"submit\" class=\"button-atom button-atom--primary breakdance-form-button breakdance-form-button__submit\"  >\n    \n        <span class=\"button-atom__text\">SEND<\/span>\n\n        \n        \n            <\/button>\n    \n    <input type=\"hidden\" name=\"form_id\" value=\"111\">\n    <input type=\"hidden\" name=\"post_id\" value=\"160\">\n<\/div>\n\n  \n<\/form>\n\n\n<\/div>\n<\/div><\/div>\n<\/section>","protected":false},"excerpt":{"rendered":"<p>Contact Us\nDo you have questions about product selection or which solution is best suited for your vessel? Feel free to contact us. We can help you find the right solution based on your needs.\n\nContact Persons\nArild Fjerstad\n+47 918 71 039\narild@arsafety.no\n\nRoger Brunsvik\n+47 936 27 037\nroger@arsafety.no\n\nContact Form\nName*\nTelephone Number\nCompany Name\nEmail*\nMessage\nHP Name\nSEND<\/p>","protected":false},"author":2,"featured_media":0,"parent":0,"menu_order":0,"comment_status":"closed","ping_status":"closed","template":"","meta":{"_acf_changed":false,"_breakdance_hide_in_design_set":false,"_breakdance_tags":"","footnotes":""},"class_list":["post-160","page","type-page","status-publish","hentry"],"acf":[],"_links":{"self":[{"href":"https:\/\/arsafety.no\/en\/wp-json\/wp\/v2\/pages\/160","targetHints":{"allow":["GET"]}}],"collection":[{"href":"https:\/\/arsafety.no\/en\/wp-json\/wp\/v2\/pages"}],"about":[{"href":"https:\/\/arsafety.no\/en\/wp-json\/wp\/v2\/types\/page"}],"author":[{"embeddable":true,"href":"https:\/\/arsafety.no\/en\/wp-json\/wp\/v2\/users\/2"}],"replies":[{"embeddable":true,"href":"https:\/\/arsafety.no\/en\/wp-json\/wp\/v2\/comments?post=160"}],"version-history":[{"count":20,"href":"https:\/\/arsafety.no\/en\/wp-json\/wp\/v2\/pages\/160\/revisions"}],"predecessor-version":[{"id":818,"href":"https:\/\/arsafety.no\/en\/wp-json\/wp\/v2\/pages\/160\/revisions\/818"}],"wp:attachment":[{"href":"https:\/\/arsafety.no\/en\/wp-json\/wp\/v2\/media?parent=160"}],"curies":[{"name":"wp","href":"https:\/\/api.w.org\/{rel}","templated":true}]}}