{"id":3,"date":"2026-03-10T08:47:07","date_gmt":"2026-03-10T07:47:07","guid":{"rendered":"https:\/\/sandbox.enkle.re\/sandbox-3\/?page_id=3"},"modified":"2026-05-05T14:25:42","modified_gmt":"2026-05-05T12:25:42","slug":"privacy-statement","status":"publish","type":"page","link":"https:\/\/arsafety.no\/en\/personvernerklaering\/","title":{"rendered":"Privacy Policy"},"content":{"rendered":"<section class=\"bde-section-3-100 bde-section\">\n  \n  \n\t\n\n\n\n<div class=\"section-container\"><h1 class=\"bde-heading-3-101 bde-heading\">\nPrivacy Policy\n<\/h1><div class=\"bde-text-3-102 bde-text\">\nThis privacy policy explains how the website collects and uses personal data.<br><br>AR Safety, represented by the General Manager, is the company's data controller for personal data. Where day-to-day responsibility has been delegated, this will be stated under each individual point. The delegation covers only tasks and not responsibility. The declaration contains information you are entitled to when information is collected from our website in accordance with Section 19 of the Personal Data Act.\n<\/div><h2 class=\"bde-heading-3-103 bde-heading\">\nNet statistics\n<\/h2><div class=\"bde-text-3-104 bde-text\">\nAR Safety collects information about visitors to arsafety.no. The purpose of this is to compile statistics that we use to improve and further develop the information offered on the website. Examples of what the statistics answer include how many people visit different pages, how long the visits last, which websites users come from, and which browsers are used.<br><br>The information is processed in an anonymised form. By anonymised, we mean that we cannot trace the information we collect back to the individual user.<br><br>We use the Google Analytics analysis tool on our website. It is not possible to track\/identify users via IP addresses here. Information from this tool is not disclosed by AR Safety to other parties.\n<\/div><h2 class=\"bde-heading-3-105 bde-heading\">\nCookies\n<\/h2><div class=\"bde-text-3-106 bde-text\">\nCookies are small text files that are placed on your computer when you download a website<br><br>The storage and processing of information are not permitted unless the user has both been informed about and given their consent to the processing. The user shall be informed about and approve what information is being processed, the purpose of the processing, and who is processing the information, cf. the Electronic Communications Act \u00a7 2\u20137b.<br><br>If you wish for cookies to be rejected, you can change the settings in your browser so that you either block cookies from being downloaded automatically, or that you are given a choice to download each individual cookie. Cookies that have already been downloaded can also be deleted from your browser.<br><br>More information on how to proceed can be found at nettvett.no.<br><br>If you do not wish for cookies to be used, you must refrain from visiting the website.\n<\/div><h2 class=\"bde-heading-3-107 bde-heading\">\nSe curity\n<\/h2><div class=\"bde-text-3-108 bde-text\">\nAR Safety uses HTTPS for secure communication between you and your computer\/mobile device and the server that powers the website.\n<\/div><\/div>\n<\/section>","protected":false},"excerpt":{"rendered":"<p>Personvernerkl\u00e6ring Denne personvernerkl\u00e6ringen redegj\u00f8r for hvordan nettstedet samler inn og bruker personopplysninger.AR Safety, ved daglig leder, er virksomhetens behandlingsansvarlig av personopplysninger. Der det daglige ansvaret er delegert, kommer det fram under hvert enkelt punkt. Delegeringen omfatter kun oppgavene og ikke ansvaret. Erkl\u00e6ringen inneholder opplysninger du har krav p\u00e5 n\u00e5r det samles inn opplysninger fra nettstedet [&hellip;]<\/p>\n","protected":false},"author":1,"featured_media":0,"parent":0,"menu_order":0,"comment_status":"closed","ping_status":"open","template":"","meta":{"_acf_changed":false,"_breakdance_hide_in_design_set":false,"_breakdance_tags":"","footnotes":""},"class_list":["post-3","page","type-page","status-publish","hentry"],"acf":[],"_links":{"self":[{"href":"https:\/\/arsafety.no\/en\/wp-json\/wp\/v2\/pages\/3","targetHints":{"allow":["GET"]}}],"collection":[{"href":"https:\/\/arsafety.no\/en\/wp-json\/wp\/v2\/pages"}],"about":[{"href":"https:\/\/arsafety.no\/en\/wp-json\/wp\/v2\/types\/page"}],"author":[{"embeddable":true,"href":"https:\/\/arsafety.no\/en\/wp-json\/wp\/v2\/users\/1"}],"replies":[{"embeddable":true,"href":"https:\/\/arsafety.no\/en\/wp-json\/wp\/v2\/comments?post=3"}],"version-history":[{"count":3,"href":"https:\/\/arsafety.no\/en\/wp-json\/wp\/v2\/pages\/3\/revisions"}],"predecessor-version":[{"id":695,"href":"https:\/\/arsafety.no\/en\/wp-json\/wp\/v2\/pages\/3\/revisions\/695"}],"wp:attachment":[{"href":"https:\/\/arsafety.no\/en\/wp-json\/wp\/v2\/media?parent=3"}],"curies":[{"name":"wp","href":"https:\/\/api.w.org\/{rel}","templated":true}]}}